{"id":11,"date":"2019-08-19T16:36:44","date_gmt":"2019-08-19T16:36:44","guid":{"rendered":"https:\/\/pbsw.de\/?page_id=11"},"modified":"2025-04-07T13:19:27","modified_gmt":"2025-04-07T13:19:27","slug":"impressum","status":"publish","type":"page","link":"https:\/\/pbsw.de\/index.php\/impressum\/","title":{"rendered":"Impressum"},"content":{"rendered":"\n<p><strong>PBSW GmbH &amp; Co. KG<\/strong><\/p>\n\n\n\n<p><strong>Adresse<\/strong><br>Kurf\u00fcrstendamm 15<br>10719 Berlin<\/p>\n\n\n\n<p>Phone: +49 (0)30 54 90 69 67<br>Mail: info@pbsw.de<\/p>\n\n\n\n<p><strong>Gesch\u00e4ftsf\u00fchrer<\/strong><br>J\u00fcrgen Siewert<\/p>\n\n\n\n<p><strong>Daten<\/strong><br>AG Charlottenburg<br>HRA 54655<br>USt-ID.: DE314165017<\/p>\n\n\n\n<p><strong>Allgemeine Hinweise<\/strong><\/p>\n\n\n\n<p>Die Inhalte unseres Internetauftritts wurden mit gr\u00f6\u00dfter Sorgfalt erstellt. F\u00fcr die Richtigkeit, Vollst\u00e4ndigkeit und Aktualit\u00e4t der Inhalte k\u00f6nnen wir jedoch keine Gew\u00e4hr \u00fcbernehmen. Wir sind nach den Vorschriften des Telemediengesetzes (TMG) f\u00fcr eigene Inhalte auf diesen Seiten nach den einschl\u00e4gigen gesetzlichen Bestimmungen verantwortlich. Wir sind jedoch nicht verpflichtet, \u00fcbermittelte oder gespeicherte fremde Informationen zu \u00fcberwachen oder nach Umst\u00e4nden zu forschen, die auf eine rechtswidrige T\u00e4tigkeit hinweisen. Verpflichtungen zur Entfernung oder Sperrung der Nutzung von Informationen nach den einschl\u00e4gigen gesetzlichen Bestimmungen bleiben hiervon unber\u00fchrt. Eine diesbez\u00fcgliche Haftung ist jedoch erst ab dem Zeitpunkt der Kenntnis einer konkreten Rechtsverletzung m\u00f6glich. Bei Bekanntwerden von entsprechenden Rechtsverletzungen werden wir diese Inhalte umgehend entfernen.<\/p>\n\n\n\n<p>Dieser Internetauftritt kann Links zu externen Webseiten Dritter enthalten, auf deren Inhalte wir keinen Einfluss haben. Deshalb k\u00f6nnen wir f\u00fcr diese fremden Inhalte auch keine Haftung \u00fcbernehmen. F\u00fcr die Inhalte der verlinkten Seiten ist stets der jeweilige Anbieter oder Betreiber der Seiten verantwortlich. Die verlinkten Seiten wurden zum Zeitpunkt der Verlinkung auf m\u00f6gliche Rechtsverst\u00f6\u00dfe \u00fcberpr\u00fcft. Rechtswidrige Inhalte waren zum Zeitpunkt der Verlinkung f\u00fcr uns nicht erkennbar. Eine permanente inhaltliche Kontrolle der verlinkten Seiten ist jedoch ohne konkrete Anhaltspunkte einer Rechtsverletzung weder m\u00f6glich noch zumutbar. Bei Bekanntwerden von Rechtsverletzungen werden wir derartige Links umgehend entfernen.<\/p>\n\n\n\n<p>Alle Inhalte unterliegen den gesetzlichen Bestimmungen des Urheberrechts. S\u00e4mtliche Bilder unterliegen dem Copyright der vorstehend bezeichneten Unternehmen und d\u00fcrfen ausschlie\u00dflich in Absprache und mit Zustimmung derselben weiterverwendet werden.<br>Alle innerhalb des Internetangebots genannten und ggf. durch Dritte gesch\u00fctzten Marken- und Warenzeichen unterliegen uneingeschr\u00e4nkt den einschl\u00e4gigen Bestimmungen des jeweiligen Kennzeichnungsrechts und den Besitzrechten der jeweiligen eingetragenen Eigent\u00fcmer bzw. Rechtsinhaber.<\/p>\n","protected":false},"excerpt":{"rendered":"<p>PBSW GmbH &amp; Co. KG AdresseKurf\u00fcrstendamm 1510719 Berlin Phone: +49 (0)30 54 90 69 67Mail: info@pbsw.de Gesch\u00e4ftsf\u00fchrerJ\u00fcrgen Siewert DatenAG CharlottenburgHRA 54655USt-ID.: DE314165017 Allgemeine Hinweise Die Inhalte unseres Internetauftritts wurden mit gr\u00f6\u00dfter Sorgfalt erstellt. F\u00fcr die Richtigkeit, Vollst\u00e4ndigkeit und Aktualit\u00e4t der Inhalte k\u00f6nnen wir jedoch keine Gew\u00e4hr \u00fcbernehmen. Wir sind nach den Vorschriften des Telemediengesetzes (TMG)&hellip; <br \/> <a class=\"read-more\" href=\"https:\/\/pbsw.de\/index.php\/impressum\/\">Weiterlesen<\/a><\/p>\n","protected":false},"author":1,"featured_media":0,"parent":0,"menu_order":0,"comment_status":"closed","ping_status":"closed","template":"","meta":{"footnotes":""},"class_list":["post-11","page","type-page","status-publish","hentry"],"yoast_head":"<!-- This site is optimized with the Yoast SEO plugin v26.8 - https:\/\/yoast.com\/product\/yoast-seo-wordpress\/ -->\n<title>Impressum - PBSW GmbH &amp; Co. KG<\/title>\n<meta name=\"robots\" content=\"index, follow, max-snippet:-1, max-image-preview:large, max-video-preview:-1\" \/>\n<link rel=\"canonical\" href=\"https:\/\/pbsw.de\/index.php\/impressum\/\" \/>\n<meta property=\"og:locale\" content=\"de_DE\" \/>\n<meta property=\"og:type\" content=\"article\" \/>\n<meta property=\"og:title\" content=\"Impressum - PBSW GmbH &amp; Co. KG\" \/>\n<meta property=\"og:description\" content=\"PBSW GmbH &amp; Co. KG AdresseKurf\u00fcrstendamm 1510719 Berlin Phone: +49 (0)30 54 90 69 67Mail: info@pbsw.de Gesch\u00e4ftsf\u00fchrerJ\u00fcrgen Siewert DatenAG CharlottenburgHRA 54655USt-ID.: DE314165017 Allgemeine Hinweise Die Inhalte unseres Internetauftritts wurden mit gr\u00f6\u00dfter Sorgfalt erstellt. F\u00fcr die Richtigkeit, Vollst\u00e4ndigkeit und Aktualit\u00e4t der Inhalte k\u00f6nnen wir jedoch keine Gew\u00e4hr \u00fcbernehmen. Wir sind nach den Vorschriften des Telemediengesetzes (TMG)&hellip; Weiterlesen\" \/>\n<meta property=\"og:url\" content=\"https:\/\/pbsw.de\/index.php\/impressum\/\" \/>\n<meta property=\"og:site_name\" content=\"PBSW GmbH &amp; Co. KG\" \/>\n<meta property=\"article:modified_time\" content=\"2025-04-07T13:19:27+00:00\" \/>\n<meta name=\"twitter:card\" content=\"summary_large_image\" \/>\n<meta name=\"twitter:label1\" content=\"Gesch\u00e4tzte Lesezeit\" \/>\n\t<meta name=\"twitter:data1\" content=\"2\u00a0Minuten\" \/>\n<script type=\"application\/ld+json\" class=\"yoast-schema-graph\">{\"@context\":\"https:\/\/schema.org\",\"@graph\":[{\"@type\":\"WebPage\",\"@id\":\"https:\/\/pbsw.de\/index.php\/impressum\/\",\"url\":\"https:\/\/pbsw.de\/index.php\/impressum\/\",\"name\":\"Impressum - PBSW GmbH &amp; Co. KG\",\"isPartOf\":{\"@id\":\"https:\/\/pbsw.de\/#website\"},\"datePublished\":\"2019-08-19T16:36:44+00:00\",\"dateModified\":\"2025-04-07T13:19:27+00:00\",\"breadcrumb\":{\"@id\":\"https:\/\/pbsw.de\/index.php\/impressum\/#breadcrumb\"},\"inLanguage\":\"de\",\"potentialAction\":[{\"@type\":\"ReadAction\",\"target\":[\"https:\/\/pbsw.de\/index.php\/impressum\/\"]}]},{\"@type\":\"BreadcrumbList\",\"@id\":\"https:\/\/pbsw.de\/index.php\/impressum\/#breadcrumb\",\"itemListElement\":[{\"@type\":\"ListItem\",\"position\":1,\"name\":\"Home\",\"item\":\"https:\/\/pbsw.de\/\"},{\"@type\":\"ListItem\",\"position\":2,\"name\":\"Impressum\"}]},{\"@type\":\"WebSite\",\"@id\":\"https:\/\/pbsw.de\/#website\",\"url\":\"https:\/\/pbsw.de\/\",\"name\":\"PBSW GmbH &amp; Co. KG\",\"description\":\"\",\"publisher\":{\"@id\":\"https:\/\/pbsw.de\/#organization\"},\"potentialAction\":[{\"@type\":\"SearchAction\",\"target\":{\"@type\":\"EntryPoint\",\"urlTemplate\":\"https:\/\/pbsw.de\/?s={search_term_string}\"},\"query-input\":{\"@type\":\"PropertyValueSpecification\",\"valueRequired\":true,\"valueName\":\"search_term_string\"}}],\"inLanguage\":\"de\"},{\"@type\":\"Organization\",\"@id\":\"https:\/\/pbsw.de\/#organization\",\"name\":\"PBSW GmbH & Co. KG\",\"url\":\"https:\/\/pbsw.de\/\",\"logo\":{\"@type\":\"ImageObject\",\"inLanguage\":\"de\",\"@id\":\"https:\/\/pbsw.de\/#\/schema\/logo\/image\/\",\"url\":\"https:\/\/pbsw.de\/wp-content\/uploads\/2021\/05\/Unbenannt.jpg\",\"contentUrl\":\"https:\/\/pbsw.de\/wp-content\/uploads\/2021\/05\/Unbenannt.jpg\",\"width\":298,\"height\":43,\"caption\":\"PBSW GmbH & Co. KG\"},\"image\":{\"@id\":\"https:\/\/pbsw.de\/#\/schema\/logo\/image\/\"}}]}<\/script>\n<!-- \/ Yoast SEO plugin. -->","yoast_head_json":{"title":"Impressum - PBSW GmbH &amp; Co. KG","robots":{"index":"index","follow":"follow","max-snippet":"max-snippet:-1","max-image-preview":"max-image-preview:large","max-video-preview":"max-video-preview:-1"},"canonical":"https:\/\/pbsw.de\/index.php\/impressum\/","og_locale":"de_DE","og_type":"article","og_title":"Impressum - PBSW GmbH &amp; Co. KG","og_description":"PBSW GmbH &amp; Co. KG AdresseKurf\u00fcrstendamm 1510719 Berlin Phone: +49 (0)30 54 90 69 67Mail: info@pbsw.de Gesch\u00e4ftsf\u00fchrerJ\u00fcrgen Siewert DatenAG CharlottenburgHRA 54655USt-ID.: DE314165017 Allgemeine Hinweise Die Inhalte unseres Internetauftritts wurden mit gr\u00f6\u00dfter Sorgfalt erstellt. F\u00fcr die Richtigkeit, Vollst\u00e4ndigkeit und Aktualit\u00e4t der Inhalte k\u00f6nnen wir jedoch keine Gew\u00e4hr \u00fcbernehmen. Wir sind nach den Vorschriften des Telemediengesetzes (TMG)&hellip; Weiterlesen","og_url":"https:\/\/pbsw.de\/index.php\/impressum\/","og_site_name":"PBSW GmbH &amp; Co. KG","article_modified_time":"2025-04-07T13:19:27+00:00","twitter_card":"summary_large_image","twitter_misc":{"Gesch\u00e4tzte Lesezeit":"2\u00a0Minuten"},"schema":{"@context":"https:\/\/schema.org","@graph":[{"@type":"WebPage","@id":"https:\/\/pbsw.de\/index.php\/impressum\/","url":"https:\/\/pbsw.de\/index.php\/impressum\/","name":"Impressum - PBSW GmbH &amp; Co. KG","isPartOf":{"@id":"https:\/\/pbsw.de\/#website"},"datePublished":"2019-08-19T16:36:44+00:00","dateModified":"2025-04-07T13:19:27+00:00","breadcrumb":{"@id":"https:\/\/pbsw.de\/index.php\/impressum\/#breadcrumb"},"inLanguage":"de","potentialAction":[{"@type":"ReadAction","target":["https:\/\/pbsw.de\/index.php\/impressum\/"]}]},{"@type":"BreadcrumbList","@id":"https:\/\/pbsw.de\/index.php\/impressum\/#breadcrumb","itemListElement":[{"@type":"ListItem","position":1,"name":"Home","item":"https:\/\/pbsw.de\/"},{"@type":"ListItem","position":2,"name":"Impressum"}]},{"@type":"WebSite","@id":"https:\/\/pbsw.de\/#website","url":"https:\/\/pbsw.de\/","name":"PBSW GmbH &amp; Co. KG","description":"","publisher":{"@id":"https:\/\/pbsw.de\/#organization"},"potentialAction":[{"@type":"SearchAction","target":{"@type":"EntryPoint","urlTemplate":"https:\/\/pbsw.de\/?s={search_term_string}"},"query-input":{"@type":"PropertyValueSpecification","valueRequired":true,"valueName":"search_term_string"}}],"inLanguage":"de"},{"@type":"Organization","@id":"https:\/\/pbsw.de\/#organization","name":"PBSW GmbH & Co. KG","url":"https:\/\/pbsw.de\/","logo":{"@type":"ImageObject","inLanguage":"de","@id":"https:\/\/pbsw.de\/#\/schema\/logo\/image\/","url":"https:\/\/pbsw.de\/wp-content\/uploads\/2021\/05\/Unbenannt.jpg","contentUrl":"https:\/\/pbsw.de\/wp-content\/uploads\/2021\/05\/Unbenannt.jpg","width":298,"height":43,"caption":"PBSW GmbH & Co. KG"},"image":{"@id":"https:\/\/pbsw.de\/#\/schema\/logo\/image\/"}}]}},"_links":{"self":[{"href":"https:\/\/pbsw.de\/index.php\/wp-json\/wp\/v2\/pages\/11","targetHints":{"allow":["GET"]}}],"collection":[{"href":"https:\/\/pbsw.de\/index.php\/wp-json\/wp\/v2\/pages"}],"about":[{"href":"https:\/\/pbsw.de\/index.php\/wp-json\/wp\/v2\/types\/page"}],"author":[{"embeddable":true,"href":"https:\/\/pbsw.de\/index.php\/wp-json\/wp\/v2\/users\/1"}],"replies":[{"embeddable":true,"href":"https:\/\/pbsw.de\/index.php\/wp-json\/wp\/v2\/comments?post=11"}],"version-history":[{"count":11,"href":"https:\/\/pbsw.de\/index.php\/wp-json\/wp\/v2\/pages\/11\/revisions"}],"predecessor-version":[{"id":29097,"href":"https:\/\/pbsw.de\/index.php\/wp-json\/wp\/v2\/pages\/11\/revisions\/29097"}],"wp:attachment":[{"href":"https:\/\/pbsw.de\/index.php\/wp-json\/wp\/v2\/media?parent=11"}],"curies":[{"name":"wp","href":"https:\/\/api.w.org\/{rel}","templated":true}]}}