{"id":32,"date":"2019-08-30T08:56:23","date_gmt":"2019-08-30T08:56:23","guid":{"rendered":"https:\/\/pbsw.de\/index.php\/mesmerize\/"},"modified":"2026-01-23T09:56:23","modified_gmt":"2026-01-23T09:56:23","slug":"mesmerize","status":"publish","type":"page","link":"https:\/\/pbsw.de\/","title":{"rendered":"Startseite"},"content":{"rendered":"<div id=\"overlappable-1\" class=\"overlappable-7-mc content-section content-section-spacing\" data-label=\"Overlappable\" data-id=\"overlappable-7-mc\" data-export-id=\"overlappable-7-mc\" data-category=\"overlappable\" data-overlap=\"true\">\n<div class=\"gridContainer\">\n<div class=\"row shadow center-sm\" data-type=\"row\">\n<div class=\"col-xs-12 col-sm-6 col-padding-small col-padding-small-xs bg-color-white col-md-4 \">\n<div class=\"text-center\">\n<div class=\"col-xs-12 col-sm-fit space-bottom-small-xs\"><\/div>\n<div class=\"col-xs-12 col-sm\" data-type=\"column\">\n<h4 class=\"\">TK &amp; IT Business Service<\/h4>\n<p class=\"\">Wir unterst\u00fctzen Gesch\u00e4ftskunden bei allen Fragen zu Mobilfunk &amp; Festnetz, Internet &amp; DSL sowie Vernetzung und Digitalisierung.<\/p>\n\n<\/div>\n<\/div>\n<\/div>\n<div class=\"col-xs-12 col-sm-6 col-padding-small col-padding-small-xs bg-color-white col-md-4\">\n<div class=\"text-center\">\n<div class=\"col-xs-12 col-sm-fit space-bottom-small-xs\"><\/div>\n<div class=\"col-xs-12 col-sm\" data-type=\"column\">\n<h4 class=\"\">Refurbishing<\/h4>\n<p class=\"\">Wiederaufbereitung und Verkauf von IT-Ger\u00e4ten und Zubeh\u00f6r.<\/p>\n<a class=\"button blue\" href=\"https:\/\/serverrack24.de\" target=\"_blank\" rel=\"noopener\" data-cp-link=\"1\">Mehr erfahren<\/a>\n\n<\/div>\n<\/div>\n<\/div>\n<div class=\"col-xs-12 col-sm-6 col-padding-small col-padding-small-xs bg-color-white col-md-4\">\n<div class=\"text-center\">\n<div class=\"col-xs-12 col-sm-fit space-bottom-small-xs\"><\/div>\n<div class=\"col-xs-12 col-sm\" data-type=\"column\">\n<h4 class=\"\">Zertifizierte &amp; sichere Datenl\u00f6schung<\/h4>\n<p class=\"\">Revisionssicheres IT-Datenl\u00f6schen nach Standards des Bundesverbands Informationswirtschaft. Zertifiziert und EU-DSGVO konform.<\/p>\n\n<\/div>\n<\/div>\n<\/div>\n<div class=\"col-xs-12 col-sm-6 col-padding-small col-padding-small-xs bg-color-white col-md-4 \">\n<div class=\"text-center\">\n<div class=\"col-xs-12 col-sm-fit space-bottom-small-xs\"><\/div>\n<div class=\"col-xs-12 col-sm\" data-type=\"column\">\n<h4 class=\"\">Facility Service<\/h4>\n<p class=\"\">Verwaltung und Bewirtschaftung Ihrer Geb\u00e4ude.<\/p>\nOptimierung Ihrer Betriebs- und Bewirtschaftungskosten.\n\n<\/div>\n<\/div>\n<\/div>\n<div class=\"col-xs-12 col-sm-6 col-padding-small col-padding-small-xs bg-color-white col-md-4 \">\n<div class=\"text-center\">\n<div class=\"col-xs-12 col-sm-fit space-bottom-small-xs\"><\/div>\n<div class=\"col-xs-12 col-sm\" data-type=\"column\">\n<h4 class=\"\">Eventmanagement, B\u00fchnenbetreuung, Catering<\/h4>\n<p class=\"\">Planung und Organisation von Events in allen Gr\u00f6\u00dfenordnungen. Desweiteren sind wir im B\u00fchnenbau und in der B\u00fchnenbetreuung t\u00e4tig.<\/p>\n\n<\/div>\n<\/div>\n<\/div>\n<div class=\"col-xs-12 col-sm-6 col-padding-small col-padding-small-xs bg-color-white col-md-4 \">\n<div class=\"text-center\">\n<div class=\"col-xs-12 col-sm-fit space-bottom-small-xs\"><\/div>\n<div class=\"col-xs-12 col-sm\" data-type=\"column\">\n<h4 class=\"\">Abfallmanagement &amp; Recycling<\/h4>\n<p class=\"\">Fachgerechte Entsorgung von Abf\u00e4llen aller Art. Recycling und Handel mit Erden.<\/p>\n\n<\/div>\n<\/div>\n<\/div>\n<div class=\"col-xs-12 col-sm-6 col-padding-small col-padding-small-xs bg-color-white col-md-4\">\n<div class=\"text-center\">\n<div class=\"col-xs-12 col-sm-fit space-bottom-small-xs\"><\/div>\n<div class=\"col-xs-12 col-sm\" data-type=\"column\">\n<h4 class=\"\">Sport &amp; Freizeitgesellschaft<\/h4>\n<p class=\"\">Wir sind Betreiber von Sport- und\nFreizeiteinrichtungen.<\/p>\n<a class=\"button blue\" href=\"http:\/\/cottbus-bowling.de\" target=\"_blank\" rel=\"noopener\" data-cp-link=\"1\">Mehr erfahren<\/a>\n\n<\/div>\n<\/div>\n<\/div>\n<div class=\"col-xs-12 col-sm-6 col-padding-small col-padding-small-xs bg-color-white col-md-4 \">\n<div class=\"text-center\">\n<div class=\"col-xs-12 col-sm-fit space-bottom-small-xs\"><\/div>\n<div class=\"col-xs-12 col-sm\" data-type=\"column\">\n<h4 class=\"\">Handel mit Nutzfahrzeugen und Maschinen<\/h4>\n<p class=\"\">Wir handeln international mit Nutzfahrzeugen und Maschinen \u2013 kompetent, effizient, zuverl\u00e4ssig.<\/p>\n\n<\/div>\n<\/div>\n<\/div>\n<div id=\"features-1\" class=\"features-16 content-section content-section-spacing\" style=\"background-color: #f5fafd;\" data-label=\"Features\" data-id=\"features--1\" data-export-id=\"features-16\" data-category=\"features\">\n<div class=\"gridContainer\">\n<div class=\"row text-center\">\n<div class=\"section-title-col\" data-type=\"column\"><\/div>\n<\/div>\n<div class=\"row spaced-cols\" data-type=\"row\">\n<div class=\"col-xs-12 col-sm-6 col-md-4 space-bottom\">\n<div class=\"col-padding-small col-padding-small-xs description-container\" data-type=\"column\"><\/div>\n<\/div>\n<div class=\"col-xs-12 col-sm-6 col-md-4 space-bottom\"><a class=\"\" href=\"https:\/\/www.ilb.de\/de\/wirtschaft\/zuschuesse\/just-transition-fund-jtf-unternehmensfoerderung-2023\" target=\"_blank\" rel=\"noopener\" data-cp-link=\"1\"><img decoding=\"async\" class=\"face\" title=\"EFRE Plakat\" src=\"https:\/\/pbsw.de\/wp-content\/uploads\/2025\/01\/cropped-EFRE-Plakat-scaled-1.jpg\" alt=\"\" \/><\/a>\n<div class=\"col-padding-small col-padding-small-xs description-container\" data-type=\"column\"><\/div>\n<\/div>\n<\/div>\n<\/div>\n<\/div>\n<div id=\"cta-1\" class=\"cta-blue-section content-section content-section-spacing-medium bg-color1 white-text\" data-label=\"Cta\" data-id=\"cta-blue-section\" data-export-id=\"cta-blue-section\" data-category=\"cta\">\n<div class=\"gridContainer\">\n<div class=\"row middle-xs\">\n<div class=\"col-sm-8 space-bottom-xs\" data-type=\"column\">\n<h2 class=\"\">Lernen Sie uns kennen!\u00a0<span class=\"font-300\">Es dauert nur eine Minute.<\/span><\/h2>\n<\/div>\n<div class=\"col-sm-4 end-sm\" data-type=\"column\"><a class=\"button color2\" href=\"#contact-1\" target=\"_self\" rel=\"noopener noreferrer\" data-cp-link=\"1\">STARTEN SIE JETZT<\/a><\/div>\n<\/div>\n<\/div>\n<\/div>\n<div id=\"about-1\" class=\"about-images-right-section content-section content-section-spacing\" style=\"background-color: #ffffff; background-image: none;\" data-label=\"About\" data-id=\"about-images-right-section-mc\" data-export-id=\"about-images-right-section-mc\" data-category=\"about\">\n<div class=\"gridContainer\">\n<div class=\"row middle-sm text-center\">\n<div class=\"col-sm-5 content-left-sm\" data-type=\"column\">\n<h5 class=\"\">DAS GEHEIMNIS UNSERES ERFOLGS<\/h5>\n<h2 class=\"\">Wer wir sind.<\/h2>\nWas wir f\u00fcr Sie tun.\n<span class=\"\" style=\"font-family: Playfair Display,sans-serif; font-weight: bold; font-style: italic;\">Wie Sie von uns profitieren.<\/span>\n<p class=\"\">Als Unternehmen haben wir es uns zur Aufgabe gemacht, die Gesch\u00e4ftsprozesse unserer Kunden zu analysieren, zu optimieren und Kosten und Komplexit\u00e4t zu reduzieren.<\/p>\nDamit Sie als unser Kunde sich auf das Wesentliche konzentrieren k\u00f6nnen: Ihr Tagesgesch\u00e4ft!\n\nUm dieses Ziel gemeinsam mit Ihnen zu realisieren, umfasst unser Unternehmen eine vielf\u00e4ltige Produktpalette aus den verschiedensten Bereichen.\u00a0Wir sind immer bestrebt, unser Wissen und Angebot weiter auszubauen um unseren Kundenkreis immer neue und interessante Anreize zu geben, uns treu zu bleiben.\n\nDas durch unsere t\u00e4gliche Arbeit erworbene langj\u00e4hrige Wissen und unsere Erfahrung nutzen wir auch zur Expansion in weitere Branchen.\n\nIhr Erfolg ist unser Antrieb!\n\nStarten Sie noch heute mit uns gemeinsam Ihre pers\u00f6nliche Erfolgsgeschichte!\n\n<a class=\"button color1\" href=\"#contact-1\" target=\"_self\" rel=\"noopener noreferrer\" data-cp-link=\"1\">STARTEN SIE JETZT<\/a>\n\n<\/div>\n<div class=\"col-sm-7 space-bottom-xs\">\n<div class=\"image-group-side-3-img\"><img decoding=\"async\" class=\"topimg shadow-large\" title=\"cropped-31121.jpg\" src=\"https:\/\/pbsw.de\/wp-content\/uploads\/2025\/01\/cropped-31121.jpg\" alt=\"\" \/> <img decoding=\"async\" class=\"rightimg shadow-large\" title=\"cropped-1284.jpg\" src=\"https:\/\/pbsw.de\/wp-content\/uploads\/2025\/01\/cropped-1284.jpg\" alt=\"\" \/>\n<div class=\"leftimg\"><img decoding=\"async\" class=\"shadow-large\" title=\"cropped-1759.jpg\" src=\"https:\/\/pbsw.de\/wp-content\/uploads\/2025\/01\/cropped-1759.jpg\" alt=\"\" \/><\/div>\n<\/div>\n<\/div>\n<\/div>\n<\/div>\n<\/div>\n<div id=\"contact-1\" class=\"contact-1 content-section content-section-spacing white-text\" data-label=\"Contact\" data-id=\"contact-1\" data-export-id=\"contact-1\" data-category=\"contact\" data-parallax-depth=\"20\">\n<div class=\"gridContainer\">\n<div class=\"row text-center\">\n<div class=\"section-title-col\" data-type=\"column\">\n<h2 class=\"\">Kontaktieren Sie uns<\/h2>\n<p class=\"lead\">Haben wir Sie \u00fcberzeugt oder haben Sie weitere Fragen? Nehmen Sie hier Kontakt mit uns auf.<\/p>\n\n<\/div>\n<\/div>\n<div class=\"row text-center\">\n<div class=\"col-xs-12 col-sm-8 col-sm-offset-2 contact-form-wrapper inline-info\">\n<div class=\"card large-padding\">\n<div class=\"\" data-content-shortcode=\"mesmerize_contact_form shortcode=&quot;contact-form-7 id=&amp;amp;quot;4&amp;amp;quot; title=&amp;amp;quot;Kontaktformular&amp;amp;quot;&quot;\" data-editable=\"true\">\n<div class=\"wpcf7 no-js\" id=\"wpcf7-f4-o1\" lang=\"de-DE\" dir=\"ltr\" data-wpcf7-id=\"4\">\n<div class=\"screen-reader-response\"><p role=\"status\" aria-live=\"polite\" aria-atomic=\"true\"><\/p> <ul><\/ul><\/div>\n<form action=\"\/index.php\/wp-json\/wp\/v2\/pages\/32#wpcf7-f4-o1\" method=\"post\" class=\"wpcf7-form init\" aria-label=\"Kontaktformular\" novalidate=\"novalidate\" data-status=\"init\">\n<fieldset class=\"hidden-fields-container\"><input type=\"hidden\" name=\"_wpcf7\" value=\"4\" \/><input type=\"hidden\" name=\"_wpcf7_version\" value=\"6.1.4\" \/><input type=\"hidden\" name=\"_wpcf7_locale\" value=\"de_DE\" \/><input type=\"hidden\" name=\"_wpcf7_unit_tag\" value=\"wpcf7-f4-o1\" \/><input type=\"hidden\" name=\"_wpcf7_container_post\" value=\"0\" \/><input type=\"hidden\" name=\"_wpcf7_posted_data_hash\" value=\"\" \/><input type=\"hidden\" name=\"_wpcf7_recaptcha_response\" value=\"\" \/>\n<\/fieldset>\n<p><label> Ihr Name (Pflichtfeld)<br \/>\n<span class=\"wpcf7-form-control-wrap\" data-name=\"your-name\"><input size=\"40\" maxlength=\"400\" class=\"wpcf7-form-control wpcf7-text wpcf7-validates-as-required\" aria-required=\"true\" aria-invalid=\"false\" value=\"\" type=\"text\" name=\"your-name\" \/><\/span> <\/label>\n<\/p>\n<p><label> Ihre Email (Pflichtfeld)<br \/>\n<span class=\"wpcf7-form-control-wrap\" data-name=\"your-email\"><input size=\"40\" maxlength=\"400\" class=\"wpcf7-form-control wpcf7-email wpcf7-validates-as-required wpcf7-text wpcf7-validates-as-email\" aria-required=\"true\" aria-invalid=\"false\" value=\"\" type=\"email\" name=\"your-email\" \/><\/span> <\/label>\n<\/p>\n<p><label> Betreff<br \/>\n<span class=\"wpcf7-form-control-wrap\" data-name=\"your-subject\"><input size=\"40\" maxlength=\"400\" class=\"wpcf7-form-control wpcf7-text\" aria-invalid=\"false\" value=\"\" type=\"text\" name=\"your-subject\" \/><\/span> <\/label>\n<\/p>\n<p><label> Ihre Nachricht<br \/>\n<span class=\"wpcf7-form-control-wrap\" data-name=\"your-message\"><textarea cols=\"40\" rows=\"10\" maxlength=\"2000\" class=\"wpcf7-form-control wpcf7-textarea\" aria-invalid=\"false\" name=\"your-message\"><\/textarea><\/span> <\/label>\n<\/p>\n<p><input class=\"wpcf7-form-control wpcf7-submit has-spinner\" type=\"submit\" value=\"Senden\" \/>\n<\/p><div class=\"wpcf7-response-output\" aria-hidden=\"true\"><\/div>\n<\/form>\n<\/div>\n<\/div>\n<\/div>\n<\/div>\n<\/div>\n<\/div>\n<\/div>\n<\/div>\n<\/div>\n<\/div>","protected":false},"excerpt":{"rendered":"<p>TK &amp; IT Business Service Wir unterst\u00fctzen Gesch\u00e4ftskunden bei allen Fragen zu Mobilfunk &amp; Festnetz, Internet &amp; DSL sowie Vernetzung und Digitalisierung. Refurbishing Wiederaufbereitung und Verkauf von IT-Ger\u00e4ten und Zubeh\u00f6r. Mehr erfahren Zertifizierte &amp; sichere Datenl\u00f6schung Revisionssicheres IT-Datenl\u00f6schen nach Standards des Bundesverbands Informationswirtschaft. Zertifiziert und EU-DSGVO konform. Facility Service Verwaltung und Bewirtschaftung Ihrer Geb\u00e4ude. Optimierung&hellip; <br \/> <a class=\"read-more\" href=\"https:\/\/pbsw.de\/\">Weiterlesen<\/a><\/p>\n","protected":false},"author":1,"featured_media":0,"parent":0,"menu_order":0,"comment_status":"closed","ping_status":"closed","template":"page-templates\/homepage.php","meta":{"footnotes":""},"class_list":["post-32","page","type-page","status-publish","hentry"],"yoast_head":"<!-- This site is optimized with the Yoast SEO plugin v26.8 - https:\/\/yoast.com\/product\/yoast-seo-wordpress\/ -->\n<title>Startseite - PBSW GmbH &amp; Co. KG<\/title>\n<meta name=\"robots\" content=\"index, follow, max-snippet:-1, max-image-preview:large, max-video-preview:-1\" \/>\n<link rel=\"canonical\" href=\"https:\/\/pbsw.de\/\" \/>\n<meta property=\"og:locale\" content=\"de_DE\" \/>\n<meta property=\"og:type\" content=\"article\" \/>\n<meta property=\"og:title\" content=\"Startseite - PBSW GmbH &amp; Co. KG\" \/>\n<meta property=\"og:description\" content=\"TK &amp; IT Business Service Wir unterst\u00fctzen Gesch\u00e4ftskunden bei allen Fragen zu Mobilfunk &amp; Festnetz, Internet &amp; DSL sowie Vernetzung und Digitalisierung. Refurbishing Wiederaufbereitung und Verkauf von IT-Ger\u00e4ten und Zubeh\u00f6r. Mehr erfahren Zertifizierte &amp; sichere Datenl\u00f6schung Revisionssicheres IT-Datenl\u00f6schen nach Standards des Bundesverbands Informationswirtschaft. Zertifiziert und EU-DSGVO konform. Facility Service Verwaltung und Bewirtschaftung Ihrer Geb\u00e4ude. Optimierung&hellip; Weiterlesen\" \/>\n<meta property=\"og:url\" content=\"https:\/\/pbsw.de\/\" \/>\n<meta property=\"og:site_name\" content=\"PBSW GmbH &amp; Co. KG\" \/>\n<meta property=\"article:modified_time\" content=\"2026-01-23T09:56:23+00:00\" \/>\n<meta property=\"og:image\" content=\"https:\/\/pbsw.de\/wp-content\/uploads\/2025\/01\/cropped-EFRE-Plakat-scaled-1.jpg\" \/>\n<meta name=\"twitter:card\" content=\"summary_large_image\" \/>\n<meta name=\"twitter:label1\" content=\"Gesch\u00e4tzte Lesezeit\" \/>\n\t<meta name=\"twitter:data1\" content=\"3\u00a0Minuten\" \/>\n<script type=\"application\/ld+json\" class=\"yoast-schema-graph\">{\"@context\":\"https:\/\/schema.org\",\"@graph\":[{\"@type\":\"WebPage\",\"@id\":\"https:\/\/pbsw.de\/\",\"url\":\"https:\/\/pbsw.de\/\",\"name\":\"Startseite - PBSW GmbH &amp; Co. KG\",\"isPartOf\":{\"@id\":\"https:\/\/pbsw.de\/#website\"},\"primaryImageOfPage\":{\"@id\":\"https:\/\/pbsw.de\/#primaryimage\"},\"image\":{\"@id\":\"https:\/\/pbsw.de\/#primaryimage\"},\"thumbnailUrl\":\"https:\/\/pbsw.de\/wp-content\/uploads\/2025\/01\/cropped-EFRE-Plakat-scaled-1.jpg\",\"datePublished\":\"2019-08-30T08:56:23+00:00\",\"dateModified\":\"2026-01-23T09:56:23+00:00\",\"breadcrumb\":{\"@id\":\"https:\/\/pbsw.de\/#breadcrumb\"},\"inLanguage\":\"de\",\"potentialAction\":[{\"@type\":\"ReadAction\",\"target\":[\"https:\/\/pbsw.de\/\"]}]},{\"@type\":\"ImageObject\",\"inLanguage\":\"de\",\"@id\":\"https:\/\/pbsw.de\/#primaryimage\",\"url\":\"https:\/\/pbsw.de\/wp-content\/uploads\/2025\/01\/cropped-EFRE-Plakat-scaled-1.jpg\",\"contentUrl\":\"https:\/\/pbsw.de\/wp-content\/uploads\/2025\/01\/cropped-EFRE-Plakat-scaled-1.jpg\",\"width\":1809,\"height\":2559},{\"@type\":\"BreadcrumbList\",\"@id\":\"https:\/\/pbsw.de\/#breadcrumb\",\"itemListElement\":[{\"@type\":\"ListItem\",\"position\":1,\"name\":\"Home\",\"item\":\"https:\/\/pbsw.de\/\"},{\"@type\":\"ListItem\",\"position\":2,\"name\":\"Startseite\"}]},{\"@type\":\"WebSite\",\"@id\":\"https:\/\/pbsw.de\/#website\",\"url\":\"https:\/\/pbsw.de\/\",\"name\":\"PBSW GmbH &amp; Co. KG\",\"description\":\"\",\"publisher\":{\"@id\":\"https:\/\/pbsw.de\/#organization\"},\"potentialAction\":[{\"@type\":\"SearchAction\",\"target\":{\"@type\":\"EntryPoint\",\"urlTemplate\":\"https:\/\/pbsw.de\/?s={search_term_string}\"},\"query-input\":{\"@type\":\"PropertyValueSpecification\",\"valueRequired\":true,\"valueName\":\"search_term_string\"}}],\"inLanguage\":\"de\"},{\"@type\":\"Organization\",\"@id\":\"https:\/\/pbsw.de\/#organization\",\"name\":\"PBSW GmbH & Co. KG\",\"url\":\"https:\/\/pbsw.de\/\",\"logo\":{\"@type\":\"ImageObject\",\"inLanguage\":\"de\",\"@id\":\"https:\/\/pbsw.de\/#\/schema\/logo\/image\/\",\"url\":\"https:\/\/pbsw.de\/wp-content\/uploads\/2021\/05\/Unbenannt.jpg\",\"contentUrl\":\"https:\/\/pbsw.de\/wp-content\/uploads\/2021\/05\/Unbenannt.jpg\",\"width\":298,\"height\":43,\"caption\":\"PBSW GmbH & Co. KG\"},\"image\":{\"@id\":\"https:\/\/pbsw.de\/#\/schema\/logo\/image\/\"}}]}<\/script>\n<!-- \/ Yoast SEO plugin. -->","yoast_head_json":{"title":"Startseite - PBSW GmbH &amp; Co. KG","robots":{"index":"index","follow":"follow","max-snippet":"max-snippet:-1","max-image-preview":"max-image-preview:large","max-video-preview":"max-video-preview:-1"},"canonical":"https:\/\/pbsw.de\/","og_locale":"de_DE","og_type":"article","og_title":"Startseite - PBSW GmbH &amp; Co. KG","og_description":"TK &amp; IT Business Service Wir unterst\u00fctzen Gesch\u00e4ftskunden bei allen Fragen zu Mobilfunk &amp; Festnetz, Internet &amp; DSL sowie Vernetzung und Digitalisierung. Refurbishing Wiederaufbereitung und Verkauf von IT-Ger\u00e4ten und Zubeh\u00f6r. Mehr erfahren Zertifizierte &amp; sichere Datenl\u00f6schung Revisionssicheres IT-Datenl\u00f6schen nach Standards des Bundesverbands Informationswirtschaft. Zertifiziert und EU-DSGVO konform. Facility Service Verwaltung und Bewirtschaftung Ihrer Geb\u00e4ude. Optimierung&hellip; Weiterlesen","og_url":"https:\/\/pbsw.de\/","og_site_name":"PBSW GmbH &amp; Co. KG","article_modified_time":"2026-01-23T09:56:23+00:00","og_image":[{"url":"https:\/\/pbsw.de\/wp-content\/uploads\/2025\/01\/cropped-EFRE-Plakat-scaled-1.jpg","type":"","width":"","height":""}],"twitter_card":"summary_large_image","twitter_misc":{"Gesch\u00e4tzte Lesezeit":"3\u00a0Minuten"},"schema":{"@context":"https:\/\/schema.org","@graph":[{"@type":"WebPage","@id":"https:\/\/pbsw.de\/","url":"https:\/\/pbsw.de\/","name":"Startseite - PBSW GmbH &amp; Co. KG","isPartOf":{"@id":"https:\/\/pbsw.de\/#website"},"primaryImageOfPage":{"@id":"https:\/\/pbsw.de\/#primaryimage"},"image":{"@id":"https:\/\/pbsw.de\/#primaryimage"},"thumbnailUrl":"https:\/\/pbsw.de\/wp-content\/uploads\/2025\/01\/cropped-EFRE-Plakat-scaled-1.jpg","datePublished":"2019-08-30T08:56:23+00:00","dateModified":"2026-01-23T09:56:23+00:00","breadcrumb":{"@id":"https:\/\/pbsw.de\/#breadcrumb"},"inLanguage":"de","potentialAction":[{"@type":"ReadAction","target":["https:\/\/pbsw.de\/"]}]},{"@type":"ImageObject","inLanguage":"de","@id":"https:\/\/pbsw.de\/#primaryimage","url":"https:\/\/pbsw.de\/wp-content\/uploads\/2025\/01\/cropped-EFRE-Plakat-scaled-1.jpg","contentUrl":"https:\/\/pbsw.de\/wp-content\/uploads\/2025\/01\/cropped-EFRE-Plakat-scaled-1.jpg","width":1809,"height":2559},{"@type":"BreadcrumbList","@id":"https:\/\/pbsw.de\/#breadcrumb","itemListElement":[{"@type":"ListItem","position":1,"name":"Home","item":"https:\/\/pbsw.de\/"},{"@type":"ListItem","position":2,"name":"Startseite"}]},{"@type":"WebSite","@id":"https:\/\/pbsw.de\/#website","url":"https:\/\/pbsw.de\/","name":"PBSW GmbH &amp; Co. KG","description":"","publisher":{"@id":"https:\/\/pbsw.de\/#organization"},"potentialAction":[{"@type":"SearchAction","target":{"@type":"EntryPoint","urlTemplate":"https:\/\/pbsw.de\/?s={search_term_string}"},"query-input":{"@type":"PropertyValueSpecification","valueRequired":true,"valueName":"search_term_string"}}],"inLanguage":"de"},{"@type":"Organization","@id":"https:\/\/pbsw.de\/#organization","name":"PBSW GmbH & Co. KG","url":"https:\/\/pbsw.de\/","logo":{"@type":"ImageObject","inLanguage":"de","@id":"https:\/\/pbsw.de\/#\/schema\/logo\/image\/","url":"https:\/\/pbsw.de\/wp-content\/uploads\/2021\/05\/Unbenannt.jpg","contentUrl":"https:\/\/pbsw.de\/wp-content\/uploads\/2021\/05\/Unbenannt.jpg","width":298,"height":43,"caption":"PBSW GmbH & Co. KG"},"image":{"@id":"https:\/\/pbsw.de\/#\/schema\/logo\/image\/"}}]}},"_links":{"self":[{"href":"https:\/\/pbsw.de\/index.php\/wp-json\/wp\/v2\/pages\/32","targetHints":{"allow":["GET"]}}],"collection":[{"href":"https:\/\/pbsw.de\/index.php\/wp-json\/wp\/v2\/pages"}],"about":[{"href":"https:\/\/pbsw.de\/index.php\/wp-json\/wp\/v2\/types\/page"}],"author":[{"embeddable":true,"href":"https:\/\/pbsw.de\/index.php\/wp-json\/wp\/v2\/users\/1"}],"replies":[{"embeddable":true,"href":"https:\/\/pbsw.de\/index.php\/wp-json\/wp\/v2\/comments?post=32"}],"version-history":[{"count":48,"href":"https:\/\/pbsw.de\/index.php\/wp-json\/wp\/v2\/pages\/32\/revisions"}],"predecessor-version":[{"id":41843,"href":"https:\/\/pbsw.de\/index.php\/wp-json\/wp\/v2\/pages\/32\/revisions\/41843"}],"wp:attachment":[{"href":"https:\/\/pbsw.de\/index.php\/wp-json\/wp\/v2\/media?parent=32"}],"curies":[{"name":"wp","href":"https:\/\/api.w.org\/{rel}","templated":true}]}}